{"id":20406,"date":"2021-07-16T07:46:38","date_gmt":"2021-07-16T07:46:38","guid":{"rendered":"https:\/\/pisos2.finquesfarre.com\/polictica-de-privacidad\/"},"modified":"2021-07-16T07:50:29","modified_gmt":"2021-07-16T07:50:29","slug":"polictica-de-privacidad","status":"publish","type":"page","link":"https:\/\/pisos.finquesfarre.com\/es\/polictica-de-privacidad\/","title":{"rendered":"Pol\u00edtica de privacidad"},"content":{"rendered":"\t\t<div data-elementor-type=\"wp-page\" data-elementor-id=\"20406\" class=\"elementor elementor-20406 elementor-20400\">\n\t\t\t\t\t\t\t\t\t<section class=\"elementor-section elementor-top-section elementor-element elementor-element-538a090 elementor-section-boxed elementor-section-height-default elementor-section-height-default\" data-id=\"538a090\" data-element_type=\"section\">\n\t\t\t\t\t\t<div class=\"elementor-container elementor-column-gap-default\">\n\t\t\t\t\t<div class=\"elementor-column elementor-col-100 elementor-top-column elementor-element elementor-element-2391ada\" data-id=\"2391ada\" data-element_type=\"column\">\n\t\t\t<div class=\"elementor-widget-wrap elementor-element-populated\">\n\t\t\t\t\t\t\t\t<div class=\"elementor-element elementor-element-5883065 elementor-widget elementor-widget-text-editor\" data-id=\"5883065\" data-element_type=\"widget\" data-widget_type=\"text-editor.default\">\n\t\t\t\t<div class=\"elementor-widget-container\">\n\t\t\t\t\t\t\t<p class=\"p3\"><b>1. DATOS DEL RESPONSABLE DEL TRATAMIENTO<span class=\"Apple-converted-space\">\u00a0<\/span><\/b><\/p><p class=\"p3\">Raz\u00f3n Social: CONSULTING I GESTI\u00d3 IMMOBILIARIA FINCAS FARRE, SL (en adelante, la \u201cEmpresa\u201d o el \u201cResponsable\u201d). CIF: B25320508 Domicilio: AV. BLONDEL N\u00ba11 &#8211; 25002 &#8211; LLEIDA &#8211; LLEIDA Tel\u00e9fono: 973269100 Email para comunicaciones en materia de Protecci\u00f3n de datos: lleida@finquesfarre.com<span class=\"Apple-converted-space\">\u00a0<\/span><\/p><p class=\"p3\"><b>1.1. Normativa aplicable<span class=\"Apple-converted-space\">\u00a0<\/span><\/b><\/p><p class=\"p3\">Nuestra Pol\u00edtica de Privacidad se ha dise\u00f1ado de acuerdo con el <b>Reglamento General de Protecci\u00f3n de Datos de la UE 2016\/679 del Parlamento Europeo <\/b>y del Consejo, de 27 de abril de 2016, relativo a la protecci\u00f3n de las personas f\u00edsicas en lo que respecta al tratamiento de datos personales y a la libre circulaci\u00f3n de estos datos y por el que se deroga la Directiva 95\/46\/CE (Reglamento general de protecci\u00f3n de datos), y en lo que no contradiga el mencionado Reglamento, por lo dispuesto en el marco legislativo espa\u00f1ol en materia de Protecci\u00f3n de Datos de Car\u00e1cter Personal.<span class=\"Apple-converted-space\">\u00a0<\/span><\/p><p class=\"p3\">Al facilitarnos sus datos, Usted declara haber le\u00eddo y conocer la presente Pol\u00edtica de Privacidad, prestando su consentimiento inequ\u00edvoco y expreso al tratamiento de sus datos personales de acuerdo a las finalidades y t\u00e9rminos aqu\u00ed expresados.<span class=\"Apple-converted-space\">\u00a0<\/span><\/p><p class=\"p3\">La Empresa podr\u00e1 modificar la presente Pol\u00edtica de Privacidad para adaptarla a las novedades legislativas, jurisprudenciales o de interpretaci\u00f3n de la Agencia Espa\u00f1ola de Protecci\u00f3n de Datos. Estas condiciones de privacidad podr\u00e1n ser complementadas por el Aviso Legal, Pol\u00edtica de Cookies y las Condiciones Generales que, en su caso, se recojan para determinados productos o servicios, si dicho acceso supone alguna especialidad en materia de protecci\u00f3n de datos de car\u00e1cter personal.<span class=\"Apple-converted-space\">\u00a0<\/span><\/p><p class=\"p3\"><b>1.2. Delegado de Protecci\u00f3n de Datos<span class=\"Apple-converted-space\">\u00a0<\/span><\/b><\/p><p class=\"p3\">La empresa no tiene Delegado de Protecci\u00f3n de Datos.<span class=\"Apple-converted-space\">\u00a0<\/span><\/p><p class=\"p3\"><b>2. FINALIDAD DEL TRATAMIENTO DE LOS DATOS PERSONALES<span class=\"Apple-converted-space\">\u00a0<\/span><\/b><\/p><p class=\"p3\">El tratamiento que realizamos de sus datos personales responde a las siguientes finalidades:<span class=\"Apple-converted-space\">\u00a0<\/span><\/p><p class=\"p3\">&#8211; Proporcionarle informaci\u00f3n relacionada con los productos y servicios que ofrece nuestra empresa y que detallan en este web site.<span class=\"Apple-converted-space\">\u00a0<\/span><\/p><p class=\"p3\">&#8211; Realizar la contrataci\u00f3n de nuestros servicios mediante la aceptaci\u00f3n del correspondiente presupuesto \/ pedido y\/o la firma de un contrato mercantil.<span class=\"Apple-converted-space\">\u00a0<\/span><\/p><p class=\"p3\">&#8211; Enviarle por correo electr\u00f3nico y\/o postal las noticias y novedades acerca de nuestra entidad, as\u00ed como las actualizaciones de nuestro cat\u00e1logo de productos y servicios.<\/p><p class=\"p3\"><b>2.1. Plazo de Conservaci\u00f3n de sus datos<span class=\"Apple-converted-space\">\u00a0<\/span><\/b><\/p><p class=\"p3\">Conservaremos sus datos personales desde que nos d\u00e9 su consentimiento hasta que lo revoque o bien solicite la limitaci\u00f3n del tratamiento. En tales casos, mantendremos sus datos de manera bloqueada durante los plazos legalmente exigidos.<span class=\"Apple-converted-space\">\u00a0<\/span><\/p><p class=\"p3\"><b>3. LEGITIMACI\u00d3N Y DATOS RECABADOS<span class=\"Apple-converted-space\">\u00a0<\/span><\/b><\/p><p class=\"p3\">La legitimaci\u00f3n para el tratamiento de sus datos es el consentimiento expreso otorgado mediante un acto positivo y afirmativo (rellenar el formulario correspondiente y marcar la casilla de aceptaci\u00f3n de esta pol\u00edtica) en el momento de facilitarnos sus datos personales.<span class=\"Apple-converted-space\">\u00a0<\/span><\/p><p class=\"p3\"><b>3.1. Consentimiento para tratar sus datos<span class=\"Apple-converted-space\">\u00a0<\/span><\/b><\/p><p class=\"p3\">Al rellenar los formularios, marcar la casilla \u201cAcepto la Pol\u00edtica de Privacidad\u201d y hacer clic para enviar los datos, o al remitir correos electr\u00f3nicos a la Empresa a trav\u00e9s de las cuentas habilitadas al efecto, el Usuario manifiesta haber le\u00eddo y aceptado expresamente la presente pol\u00edtica de privacidad, y otorga su consentimiento inequ\u00edvoco y expreso al tratamiento de sus datos personales conforme a las finalidades indicadas.<span class=\"Apple-converted-space\">\u00a0<\/span><\/p><p class=\"p3\"><b>3.2. Categor\u00edas de datos<span class=\"Apple-converted-space\">\u00a0<\/span><\/b><\/p><p class=\"p3\">Los datos que se recaban se refieren a la categor\u00eda de datos identificativos, como pueden ser: Nombre y Apellidos, Tel\u00e9fono, Direcci\u00f3n Postal, Empresa, Correo electr\u00f3nico, as\u00ed como la direcci\u00f3n IP desde donde accede al formulario de recogida de datos.<span class=\"Apple-converted-space\">\u00a0<\/span><\/p><p class=\"p3\"><b>4. MEDIDAS DE SEGURIDAD<span class=\"Apple-converted-space\">\u00a0<\/span><\/b><\/p><p class=\"p3\">Dentro de nuestro compromiso por garantizar la seguridad y confidencialidad de sus datos de car\u00e1cter personal, le informamos que se han adoptado las medidas de \u00edndole t\u00e9cnica y organizativas necesarias para garantizar la seguridad de los datos de car\u00e1cter personal y evitar su alteraci\u00f3n, p\u00e9rdida, tratamiento o acceso no autorizado, habida cuenta del estado de la tecnolog\u00eda, la naturaleza de los datos almacenados y los riesgos a que est\u00e9n expuestos, seg\u00fan el Art. 32 del RGPD EU 679\/2016.<span class=\"Apple-converted-space\">\u00a0<\/span><\/p><p class=\"p3\"><b>5. CESI\u00d3N DE DATOS<span class=\"Apple-converted-space\">\u00a0<\/span><\/b><\/p><p class=\"p3\">No se prev\u00e9n cesiones de datos ni transferencias internacionales de sus datos, a excepci\u00f3n de las autorizadas por la legislaci\u00f3n fiscal, mercantil y de telecomunicaciones as\u00ed como en aquellos casos en los que una autoridad judicial nos lo requiera.<span class=\"Apple-converted-space\">\u00a0<\/span><\/p><p class=\"p3\"><b>6. DERECHOS DEL USUARIO<span class=\"Apple-converted-space\">\u00a0<\/span><\/b><\/p><p class=\"p3\">Cualquier interesado tiene derecho a obtener confirmaci\u00f3n sobre si estamos tratando datos personales que le conciernan, o no. Las personas interesadas tienen derecho a acceder a sus datos personales, as\u00ed como a solicitar la rectificaci\u00f3n de los datos inexactos o, en su caso, solicitar su supresi\u00f3n cuando, entre otros motivos, los datos ya no sean necesarios para los fines que fueron recogidos. En determinadas circunstancias, los interesados podr\u00e1n solicitar la limitaci\u00f3n del tratamiento de sus datos, en cuyo caso \u00fanicamente los conservaremos para el ejercicio o la defensa de reclamaciones. Por motivos relacionados con su situaci\u00f3n particular, los interesados podr\u00e1n oponerse al tratamiento de sus datos. El Responsable del fichero dejar\u00e1 de tratar los datos, salvo por motivos leg\u00edtimos imperiosos, o el ejercicio o la defensa de posibles reclamaciones.<\/p><p class=\"p3\">De acuerdo con la legislaci\u00f3n vigente tiene los siguientes derechos: derecho a solicitar el acceso a sus datos personales, derecho a solicitar su rectificaci\u00f3n o supresi\u00f3n, derecho a solicitar la limitaci\u00f3n de su tratamiento, derecho a oponerse al tratamiento, derecho a la portabilidad de los datos y as\u00ed mismo, a revocar el consentimiento otorgado.<span class=\"Apple-converted-space\">\u00a0<\/span><\/p><p class=\"p3\"><b>6.1. \u00bfC\u00f3mo ejercitar mis derechos?<span class=\"Apple-converted-space\">\u00a0<\/span><\/b><\/p><p class=\"p3\">Para ejercer sus derechos, debe dirigirse al responsable, solicitando el correspondiente formulario para el ejercicio del derecho elegido. Opcionalmente, puede acudir a la Autoridad de Control competente para obtener informaci\u00f3n adicional acerca de sus derechos. Los datos de contacto para el ejercicio de sus derechos son el tel\u00e9fono <b>973269100 <\/b>y el correo electr\u00f3nico: <b>lleida@finquesfarre.com<\/b>. Recuerde acompa\u00f1ar una copia de un documento que nos permita identificarle.<span class=\"Apple-converted-space\">\u00a0<\/span><\/p><p class=\"p3\"><b>7. CONSENTIMIENTO PARA ENV\u00cdO DE COMUNICACIONES ELECTR\u00d3NICAS<span class=\"Apple-converted-space\">\u00a0<\/span><\/b><\/p><p class=\"p3\">As\u00ed mismo, y de acuerdo con lo establecido en la Ley 34\/2002, de 11 de julio, de Servicios de la Sociedad de la Informaci\u00f3n y del Comercio Electr\u00f3nico, completando el formulario de recogida de datos y marcando la correspondiente casilla \u201cAcepto el env\u00edo de comunicaciones electr\u00f3nicas\u201d, est\u00e1 otorgando el consentimiento expreso para enviarle a su direcci\u00f3n de correo electr\u00f3nico, tel\u00e9fono, fax u otro medio electr\u00f3nico en env\u00edo de informaci\u00f3n acerca de la Empresa.<\/p>\t\t\t\t\t\t<\/div>\n\t\t\t\t<\/div>\n\t\t\t\t\t<\/div>\n\t\t<\/div>\n\t\t\t\t\t\t\t<\/div>\n\t\t<\/section>\n\t\t\t\t\t\t\t<\/div>\n\t\t","protected":false},"excerpt":{"rendered":"<p>1. DATOS DEL RESPONSABLE DEL TRATAMIENTO\u00a0 Raz\u00f3n Social: CONSULTING I GESTI\u00d3 IMMOBILIARIA FINCAS FARRE, SL (en adelante, la \u201cEmpresa\u201d o el \u201cResponsable\u201d). CIF: B25320508 Domicilio: AV. BLONDEL N\u00ba11 &#8211; 25002 &#8211; LLEIDA &#8211; LLEIDA Tel\u00e9fono: 973269100 Email para comunicaciones en materia de Protecci\u00f3n de datos: lleida@finquesfarre.com 1.1. Normativa aplicable\u00a0 Nuestra Pol\u00edtica de Privacidad se ha dise\u00f1ado de acuerdo con el Reglamento General de Protecci\u00f3n &#8230;<\/p>\n","protected":false},"author":1,"featured_media":0,"parent":0,"menu_order":0,"comment_status":"closed","ping_status":"closed","template":"gdpr_terms.php","meta":{"_monsterinsights_skip_tracking":false,"_monsterinsights_sitenote_active":false,"_monsterinsights_sitenote_note":"","_monsterinsights_sitenote_category":0},"yoast_head":"<!-- This site is optimized with the Yoast SEO plugin v19.3 - https:\/\/yoast.com\/wordpress\/plugins\/seo\/ -->\n<title>Pol\u00edtica de privacidad - Segona m\u00e0<\/title>\n<meta name=\"robots\" content=\"index, follow, max-snippet:-1, max-image-preview:large, max-video-preview:-1\" \/>\n<link rel=\"canonical\" href=\"https:\/\/pisos.finquesfarre.com\/es\/polictica-de-privacidad\/\" \/>\n<meta property=\"og:locale\" content=\"es_ES\" \/>\n<meta property=\"og:type\" content=\"article\" \/>\n<meta property=\"og:title\" content=\"Pol\u00edtica de privacidad - Segona m\u00e0\" \/>\n<meta property=\"og:description\" content=\"1. DATOS DEL RESPONSABLE DEL TRATAMIENTO\u00a0 Raz\u00f3n Social: CONSULTING I GESTI\u00d3 IMMOBILIARIA FINCAS FARRE, SL (en adelante, la \u201cEmpresa\u201d o el \u201cResponsable\u201d). CIF: B25320508 Domicilio: AV. BLONDEL N\u00ba11 &#8211; 25002 &#8211; LLEIDA &#8211; LLEIDA Tel\u00e9fono: 973269100 Email para comunicaciones en materia de Protecci\u00f3n de datos: lleida@finquesfarre.com 1.1. Normativa aplicable\u00a0 Nuestra Pol\u00edtica de Privacidad se ha dise\u00f1ado de acuerdo con el Reglamento General de Protecci\u00f3n ...\" \/>\n<meta property=\"og:url\" content=\"https:\/\/pisos.finquesfarre.com\/es\/polictica-de-privacidad\/\" \/>\n<meta property=\"og:site_name\" content=\"Segona m\u00e0\" \/>\n<meta property=\"article:publisher\" content=\"https:\/\/www.facebook.com\/finquesfarre\" \/>\n<meta property=\"article:modified_time\" content=\"2021-07-16T07:50:29+00:00\" \/>\n<meta name=\"twitter:card\" content=\"summary_large_image\" \/>\n<meta name=\"twitter:site\" content=\"@FinquesFarre\" \/>\n<meta name=\"twitter:label1\" content=\"Tiempo de lectura\" \/>\n\t<meta name=\"twitter:data1\" content=\"5 minutos\" \/>\n<script type=\"application\/ld+json\" class=\"yoast-schema-graph\">{\"@context\":\"https:\/\/schema.org\",\"@graph\":[{\"@type\":\"Organization\",\"@id\":\"https:\/\/pisos.finquesfarre.com\/en\/#organization\",\"name\":\"Finques Farr\u00e9\",\"url\":\"https:\/\/pisos.finquesfarre.com\/en\/\",\"sameAs\":[\"https:\/\/www.instagram.com\/finquesfarre\/\",\"https:\/\/www.youtube.com\/channel\/UCyjuW_DBdttT1OBNvYDxRuA\",\"https:\/\/www.facebook.com\/finquesfarre\",\"https:\/\/twitter.com\/FinquesFarre\"],\"logo\":{\"@type\":\"ImageObject\",\"inLanguage\":\"es\",\"@id\":\"https:\/\/pisos.finquesfarre.com\/en\/#\/schema\/logo\/image\/\",\"url\":\"https:\/\/pisos.finquesfarre.com\/wp-content\/uploads\/2022\/07\/logo-FINQUES-FARRE-VECT.jpg\",\"contentUrl\":\"https:\/\/pisos.finquesfarre.com\/wp-content\/uploads\/2022\/07\/logo-FINQUES-FARRE-VECT.jpg\",\"width\":1094,\"height\":386,\"caption\":\"Finques Farr\u00e9\"},\"image\":{\"@id\":\"https:\/\/pisos.finquesfarre.com\/en\/#\/schema\/logo\/image\/\"}},{\"@type\":\"WebSite\",\"@id\":\"https:\/\/pisos.finquesfarre.com\/en\/#website\",\"url\":\"https:\/\/pisos.finquesfarre.com\/en\/\",\"name\":\"Segona m\u00e0\",\"description\":\"pisos lleida\",\"publisher\":{\"@id\":\"https:\/\/pisos.finquesfarre.com\/en\/#organization\"},\"potentialAction\":[{\"@type\":\"SearchAction\",\"target\":{\"@type\":\"EntryPoint\",\"urlTemplate\":\"https:\/\/pisos.finquesfarre.com\/en\/?s={search_term_string}\"},\"query-input\":\"required name=search_term_string\"}],\"inLanguage\":\"es\"},{\"@type\":\"WebPage\",\"@id\":\"https:\/\/pisos.finquesfarre.com\/es\/polictica-de-privacidad\/\",\"url\":\"https:\/\/pisos.finquesfarre.com\/es\/polictica-de-privacidad\/\",\"name\":\"Pol\u00edtica de privacidad - Segona m\u00e0\",\"isPartOf\":{\"@id\":\"https:\/\/pisos.finquesfarre.com\/en\/#website\"},\"datePublished\":\"2021-07-16T07:46:38+00:00\",\"dateModified\":\"2021-07-16T07:50:29+00:00\",\"breadcrumb\":{\"@id\":\"https:\/\/pisos.finquesfarre.com\/es\/polictica-de-privacidad\/#breadcrumb\"},\"inLanguage\":\"es\",\"potentialAction\":[{\"@type\":\"ReadAction\",\"target\":[\"https:\/\/pisos.finquesfarre.com\/es\/polictica-de-privacidad\/\"]}]},{\"@type\":\"BreadcrumbList\",\"@id\":\"https:\/\/pisos.finquesfarre.com\/es\/polictica-de-privacidad\/#breadcrumb\",\"itemListElement\":[{\"@type\":\"ListItem\",\"position\":1,\"name\":\"Portada\",\"item\":\"https:\/\/pisos.finquesfarre.com\/es\/\"},{\"@type\":\"ListItem\",\"position\":2,\"name\":\"Pol\u00edtica de privacidad\"}]}]}<\/script>\n<!-- \/ Yoast SEO plugin. -->","yoast_head_json":{"title":"Pol\u00edtica de privacidad - Segona m\u00e0","robots":{"index":"index","follow":"follow","max-snippet":"max-snippet:-1","max-image-preview":"max-image-preview:large","max-video-preview":"max-video-preview:-1"},"canonical":"https:\/\/pisos.finquesfarre.com\/es\/polictica-de-privacidad\/","og_locale":"es_ES","og_type":"article","og_title":"Pol\u00edtica de privacidad - Segona m\u00e0","og_description":"1. DATOS DEL RESPONSABLE DEL TRATAMIENTO\u00a0 Raz\u00f3n Social: CONSULTING I GESTI\u00d3 IMMOBILIARIA FINCAS FARRE, SL (en adelante, la \u201cEmpresa\u201d o el \u201cResponsable\u201d). CIF: B25320508 Domicilio: AV. BLONDEL N\u00ba11 &#8211; 25002 &#8211; LLEIDA &#8211; LLEIDA Tel\u00e9fono: 973269100 Email para comunicaciones en materia de Protecci\u00f3n de datos: lleida@finquesfarre.com 1.1. Normativa aplicable\u00a0 Nuestra Pol\u00edtica de Privacidad se ha dise\u00f1ado de acuerdo con el Reglamento General de Protecci\u00f3n ...","og_url":"https:\/\/pisos.finquesfarre.com\/es\/polictica-de-privacidad\/","og_site_name":"Segona m\u00e0","article_publisher":"https:\/\/www.facebook.com\/finquesfarre","article_modified_time":"2021-07-16T07:50:29+00:00","twitter_card":"summary_large_image","twitter_site":"@FinquesFarre","twitter_misc":{"Tiempo de lectura":"5 minutos"},"schema":{"@context":"https:\/\/schema.org","@graph":[{"@type":"Organization","@id":"https:\/\/pisos.finquesfarre.com\/en\/#organization","name":"Finques Farr\u00e9","url":"https:\/\/pisos.finquesfarre.com\/en\/","sameAs":["https:\/\/www.instagram.com\/finquesfarre\/","https:\/\/www.youtube.com\/channel\/UCyjuW_DBdttT1OBNvYDxRuA","https:\/\/www.facebook.com\/finquesfarre","https:\/\/twitter.com\/FinquesFarre"],"logo":{"@type":"ImageObject","inLanguage":"es","@id":"https:\/\/pisos.finquesfarre.com\/en\/#\/schema\/logo\/image\/","url":"https:\/\/pisos.finquesfarre.com\/wp-content\/uploads\/2022\/07\/logo-FINQUES-FARRE-VECT.jpg","contentUrl":"https:\/\/pisos.finquesfarre.com\/wp-content\/uploads\/2022\/07\/logo-FINQUES-FARRE-VECT.jpg","width":1094,"height":386,"caption":"Finques Farr\u00e9"},"image":{"@id":"https:\/\/pisos.finquesfarre.com\/en\/#\/schema\/logo\/image\/"}},{"@type":"WebSite","@id":"https:\/\/pisos.finquesfarre.com\/en\/#website","url":"https:\/\/pisos.finquesfarre.com\/en\/","name":"Segona m\u00e0","description":"pisos lleida","publisher":{"@id":"https:\/\/pisos.finquesfarre.com\/en\/#organization"},"potentialAction":[{"@type":"SearchAction","target":{"@type":"EntryPoint","urlTemplate":"https:\/\/pisos.finquesfarre.com\/en\/?s={search_term_string}"},"query-input":"required name=search_term_string"}],"inLanguage":"es"},{"@type":"WebPage","@id":"https:\/\/pisos.finquesfarre.com\/es\/polictica-de-privacidad\/","url":"https:\/\/pisos.finquesfarre.com\/es\/polictica-de-privacidad\/","name":"Pol\u00edtica de privacidad - Segona m\u00e0","isPartOf":{"@id":"https:\/\/pisos.finquesfarre.com\/en\/#website"},"datePublished":"2021-07-16T07:46:38+00:00","dateModified":"2021-07-16T07:50:29+00:00","breadcrumb":{"@id":"https:\/\/pisos.finquesfarre.com\/es\/polictica-de-privacidad\/#breadcrumb"},"inLanguage":"es","potentialAction":[{"@type":"ReadAction","target":["https:\/\/pisos.finquesfarre.com\/es\/polictica-de-privacidad\/"]}]},{"@type":"BreadcrumbList","@id":"https:\/\/pisos.finquesfarre.com\/es\/polictica-de-privacidad\/#breadcrumb","itemListElement":[{"@type":"ListItem","position":1,"name":"Portada","item":"https:\/\/pisos.finquesfarre.com\/es\/"},{"@type":"ListItem","position":2,"name":"Pol\u00edtica de privacidad"}]}]}},"_links":{"self":[{"href":"https:\/\/pisos.finquesfarre.com\/es\/wp-json\/wp\/v2\/pages\/20406"}],"collection":[{"href":"https:\/\/pisos.finquesfarre.com\/es\/wp-json\/wp\/v2\/pages"}],"about":[{"href":"https:\/\/pisos.finquesfarre.com\/es\/wp-json\/wp\/v2\/types\/page"}],"author":[{"embeddable":true,"href":"https:\/\/pisos.finquesfarre.com\/es\/wp-json\/wp\/v2\/users\/1"}],"replies":[{"embeddable":true,"href":"https:\/\/pisos.finquesfarre.com\/es\/wp-json\/wp\/v2\/comments?post=20406"}],"version-history":[{"count":0,"href":"https:\/\/pisos.finquesfarre.com\/es\/wp-json\/wp\/v2\/pages\/20406\/revisions"}],"wp:attachment":[{"href":"https:\/\/pisos.finquesfarre.com\/es\/wp-json\/wp\/v2\/media?parent=20406"}],"curies":[{"name":"wp","href":"https:\/\/api.w.org\/{rel}","templated":true}]}}